{"id":80,"date":"2026-02-12T15:08:35","date_gmt":"2026-02-12T15:08:35","guid":{"rendered":"https:\/\/www.paulichromatic.com\/?page_id=80"},"modified":"2026-03-13T14:01:16","modified_gmt":"2026-03-13T14:01:16","slug":"accueil","status":"publish","type":"page","link":"https:\/\/www.paulichromatic.com\/","title":{"rendered":"\u00c0 PROPOS"},"content":{"rendered":"<div class=\"brz brz-root__container brz-reset-all brz-root__container-page\" >\n<section id=\"lGBTCbNeg9YD_lGBTCbNeg9YD\" class=\"brz-section brz-css-d-section brz-css-2aed0k\">\n<div class=\"brz-section__content brz-section--boxed brz-css-d-sectionitem-bg brz-css-1syzplf\" data-brz-custom-id=\"tuYqJPEinEe2\">\n<div class=\"brz-container brz-css-d-sectionitem-container brz-css-mqyzi9\">\n<div class=\"brz-row__container brz-css-d-row-row brz-css-12cnihp\" data-brz-custom-id=\"zyx7F694KkFU\">\n<div class=\"brz-row brz-css-d-row-container brz-css-r-row-container brz-css-s62hl6\">\n<div class=\"brz-columns brz-css-d-column-column brz-css-twy9hy\" data-brz-custom-id=\"sbp4mXPSgcVp\">\n<div class=\"brz-column__items brz-css-d-column-bg brz-css-kqd02t\">\n<div id=\"\" class=\"brz-css-d-wrapper brz-css-1mjf7jx brz-wrapper\">\n<div class=\"brz-image brz-css-d-image-z38yxcn5iygw-parent brz-css-18n8eir\" data-brz-custom-id=\"z38yxCn5iyGw\"><picture class=\"brz-picture brz-d-block brz-p-relative brz-css-d-image-z38yxcn5iygw-picture brz-css-eggq70\"><source srcset=\"https:\/\/www.paulichromatic.com\/wp-content\/uploads\/2026\/03\/20251116-PC-logo-MD.png 1x, https:\/\/www.paulichromatic.com\/wp-content\/uploads\/2026\/03\/20251116-PC-logo-MD.png 2x\" media=\"(min-width: 992px)\"><source srcset=\"https:\/\/www.paulichromatic.com\/wp-content\/uploads\/2026\/03\/20251116-PC-logo-MD.png 1x, https:\/\/www.paulichromatic.com\/wp-content\/uploads\/2026\/03\/20251116-PC-logo-MD.png 2x\" media=\"(min-width: 768px)\"><img decoding=\"async\" class=\"brz-img\" srcset=\"https:\/\/www.paulichromatic.com\/wp-content\/uploads\/2026\/03\/20251116-PC-logo-MD.png 1x, https:\/\/www.paulichromatic.com\/wp-content\/uploads\/2026\/03\/20251116-PC-logo-MD.png 2x\" src=\"https:\/\/www.paulichromatic.com\/wp-content\/uploads\/2026\/03\/20251116-PC-logo-MD.png\" loading=\"lazy\" alt=\"{{brizy_dc_image_alt imageSrc=\"wp-04ad330c50bf7db6f76644a8948d61b9.png\"}}\" title=\"\" draggable=\"false\"><\/picture><\/div>\n<\/div>\n<\/div>\n<\/div>\n<div class=\"brz-columns brz-css-d-column-column brz-css-1h62mgy\" data-brz-custom-id=\"rPIgw5yzoz_8\">\n<div class=\"brz-column__items brz-css-d-column-bg brz-css-15b74j8\">\n<div class=\"brz-row__container brz-css-d-row-row brz-css-16pngw2\" data-brz-custom-id=\"aIN40b8retHK\">\n<div class=\"brz-row brz-row--inner brz-css-d-row-container brz-css-r-row-container brz-css-71woqg\">\n<div class=\"brz-columns brz-css-d-column-column brz-css-1nlf5n7\" data-brz-custom-id=\"xC8DXf6qQUqH\">\n<div class=\"brz-column__items brz-css-d-column-bg brz-css-72uqam\">\n<div id=\"\" class=\"brz-css-d-wrapper brz-css-166in0b brz-wrapper\">\n<div class=\"brz-rich-text brz-rich-text__custom brz-css-d-richtext brz-css-1rsazg1\" data-brz-custom-id=\"mR1SB9PU0H_x\">\n<div data-brz-translate-text=\"1\">\n<p class=\"brz-bcp-color5 brz-text-lg-justify brz-tp-lg-empty brz-ff-montserrat brz-ft-google brz-fs-lg-20 brz-fss-lg-px brz-fw-lg-900 brz-ls-lg-0 brz-lh-lg-1_7 brz-vfw-lg-400 brz-fwdth-lg-100 brz-fsft-lg-0 brz-css-cFXD8\" data-uniq-id=\"jlkB1\" data-generated-css=\"brz-css-tEIxe\"><span class=\"brz-cp-color5\" style=\"color: rgba(var(--brz-global-color5),1);\">Le lundi, je serai institutrice, le mardi coiffeuse, et le mercredi je ferai du bon boulot (aka faire du marteau-piqueur dans la rue)<\/span><\/p>\n<\/div>\n<\/div>\n<\/div>\n<\/div>\n<\/div>\n<\/div>\n<\/div>\n<div id=\"\" class=\"brz-css-d-wrapper brz-css-a6vtwr brz-wrapper\">\n<div class=\"brz-rich-text brz-rich-text__custom brz-css-d-richtext brz-css-1ukhn6p\" data-brz-custom-id=\"rNHcl5DTwdyd\">\n<div data-brz-translate-text=\"1\">\n<p class=\"brz-text-lg-justify brz-fsft-lg-0 brz-fwdth-lg-100 brz-vfw-lg-400 brz-lh-lg-1_6 brz-ls-lg-0 brz-tp-lg-empty brz-ff-montserrat brz-ft-google brz-fs-lg-19 brz-fss-lg-px brz-fw-lg-100 brz-css-aABLo\" data-uniq-id=\"iaoqm\" data-generated-css=\"brz-css-jgTmD\"><span class=\"brz-cp-color2\" style=\"color: rgba(var(--brz-global-color2),1);\">Bien que mes int\u00e9r\u00eats se soient \u00e9loign\u00e9s de ceux que qui m\u2019animaient lorsque j\u2019avais 5 ans pour s\u2019orienter vers la culture et l\u2019artistique, le d\u00e9sir de toucher \u00e0 tout et de ne pas se limiter \u00e0 un seul m\u00e9tier est lui, toujours aussi fort.<\/span><\/p>\n<\/div>\n<\/div>\n<\/div>\n<\/div>\n<\/div>\n<\/div>\n<\/div>\n<\/div>\n<\/div>\n<\/section>\n<section id=\"kXUfsHQUReBr_kXUfsHQUReBr\" class=\"brz-section brz-css-d-section brz-css-dr5izn\">\n<div class=\"brz-section__content brz-section--boxed brz-css-d-sectionitem-bg brz-css-176k9f\" data-brz-custom-id=\"g_VxsOHEwahf\">\n<div class=\"brz-container brz-css-d-sectionitem-container brz-css-1u546d1\">\n<div class=\"brz-row__container brz-css-d-row-row brz-css-px8l8\" data-brz-custom-id=\"yLl39mWQ8Zdz\">\n<div class=\"brz-row brz-css-d-row-container brz-css-r-row-container brz-css-1wbswll\">\n<div class=\"brz-columns brz-css-d-column-column brz-css-z9x6hn\" data-brz-custom-id=\"mTSDppAcPViA\">\n<div class=\"brz-column__items brz-css-d-column-bg brz-css-fdp5am\">\n<div id=\"\" class=\"brz-css-d-wrapper brz-css-688ray brz-wrapper\">\n<div class=\"brz-rich-text brz-rich-text__custom brz-css-d-richtext brz-css-ep6n7v\" data-brz-custom-id=\"kwbPbl8O1Vnm\">\n<div data-brz-translate-text=\"1\">\n<p class=\"brz-text-sm-center brz-text-xs-center brz-text-lg-justify brz-ls-lg-0 brz-lh-lg-1_6 brz-vfw-lg-400 brz-fwdth-lg-100 brz-fsft-lg-0 brz-tp-lg-empty brz-ff-montserrat brz-ft-google brz-fs-lg-20 brz-fss-lg-px brz-fw-lg-100 brz-css-bBHXV\" data-generated-css=\"brz-css-zoF39\" data-uniq-id=\"gmUa2\"><span class=\"brz-cp-color2\" style=\"color: rgba(var(--brz-global-color2),1);\">Architecte de formation, je d\u00e9couvre le design graphique, l\u2019esth\u00e9tique et la photographie pendant mes \u00e9tudes et apprends \u00e0 d\u00e9velopper une rigueur et un souci du d\u00e9tail qui ne cessera de m\u2019accompagner dans mon parcours professionnel. Passionn\u00e9e par le spectacle vivant depuis toujours, notamment \u00e0 travers la pratique du violoncelle et de la danse, je quitte ma Lille natale en 2020 pour me former en th\u00e9\u00e2tre \u00e0 Paris, avant d\u2019y cr\u00e9er une compagnie de spectacles vivants anglophones, pour laquelle je reste administratrice artistique, graphiste et community manager pendant 5 ans. En 2024, je deviens charg\u00e9e de communication de l\u2019orchestre Les Si\u00e8cles, ce qui me permet de d\u00e9velopper mes comp\u00e9tences et de confirmer ma volont\u00e9 de travailler dans le milieu culturel.<\/span><\/p>\n<p class=\"brz-text-sm-center brz-text-xs-center brz-text-lg-justify brz-ls-lg-0 brz-lh-lg-1_6 brz-vfw-lg-400 brz-fwdth-lg-100 brz-fsft-lg-0 brz-tp-lg-empty brz-ff-montserrat brz-ft-google brz-fs-lg-20 brz-fss-lg-px brz-fw-lg-100 brz-css-ifgbk\" data-generated-css=\"brz-css-tT7B7\" data-uniq-id=\"fpFtJ\"><span class=\"brz-cp-color2\" style=\"color: rgba(var(--brz-global-color2),1);\"> <\/span><\/p>\n<p class=\"brz-text-sm-center brz-text-xs-center brz-text-lg-justify brz-ls-lg-0 brz-lh-lg-1_6 brz-vfw-lg-400 brz-fwdth-lg-100 brz-fsft-lg-0 brz-tp-lg-empty brz-ff-montserrat brz-ft-google brz-fs-lg-20 brz-fss-lg-px brz-fw-lg-100 brz-css-dsUC5\" data-generated-css=\"brz-css-eiZcp\" data-uniq-id=\"bOMUI\"><span class=\"brz-cp-color2\" style=\"color: rgba(var(--brz-global-color2),1);\">De retour \u00e0 Lille, je d\u00e9cide de cr\u00e9er paulichromatic, point de convergence de toutes mes comp\u00e9tences et app\u00e9tences.&nbsp;<\/span><\/p>\n<\/div>\n<\/div>\n<\/div>\n<\/div>\n<\/div>\n<\/div>\n<\/div>\n<\/div>\n<\/div>\n<\/section>\n<section id=\"fI4lo75UbdOJ_fI4lo75UbdOJ\" class=\"brz-section brz-css-d-section brz-css-jpykd8\">\n<div class=\"brz-section__content brz-section--fullWidth brz-css-d-sectionitem-bg brz-css-357m5b\" data-brz-custom-id=\"a8O8IYGGKQ4w\">\n<div class=\"brz-bg\">\n<div class=\"brz-bg-color\"><\/div>\n<\/div>\n<div class=\"brz-container brz-css-d-sectionitem-container brz-css-1lhhdbv\">\n<div class=\"brz-row__container brz-css-d-row-row brz-css-bgp0m7\" data-brz-custom-id=\"sNm8QDwN3ILd\">\n<div class=\"brz-row brz-css-d-row-container brz-css-r-row-container brz-css-16tq1fb\">\n<div class=\"brz-columns brz-css-d-column-column brz-css-1a517fu\" data-brz-custom-id=\"ejgHUgCykVRs\">\n<div class=\"brz-bg\">\n<div class=\"brz-bg-color\"><\/div>\n<\/div>\n<div class=\"brz-column__items brz-css-d-column-bg brz-css-1xums4r\">\n<div id=\"\" class=\"brz-css-d-wrapper brz-css-a93rgs brz-wrapper\">\n<div class=\"brz-image brz-css-d-image-cmnnj9jrvkoi-parent brz-css-gdhlmq\" data-brz-custom-id=\"cmnNJ9jRvKoi\"><picture class=\"brz-picture brz-d-block brz-p-relative brz-css-d-image-cmnnj9jrvkoi-picture brz-css-6njra3\"><source srcset=\"https:\/\/www.paulichromatic.com\/wp-content\/uploads\/2026\/02\/photo-1557180295-76eee20ae8aa-scaled.webp 1x, https:\/\/www.paulichromatic.com\/wp-content\/uploads\/2026\/02\/photo-1557180295-76eee20ae8aa-scaled.webp 2x\" media=\"(min-width: 992px)\"><source srcset=\"https:\/\/www.paulichromatic.com\/wp-content\/uploads\/2026\/02\/photo-1557180295-76eee20ae8aa-scaled.webp 1x, https:\/\/www.paulichromatic.com\/wp-content\/uploads\/2026\/02\/photo-1557180295-76eee20ae8aa-scaled.webp 2x\" media=\"(min-width: 768px)\"><img decoding=\"async\" class=\"brz-img\" srcset=\"https:\/\/www.paulichromatic.com\/wp-content\/uploads\/2026\/02\/photo-1557180295-76eee20ae8aa-scaled.webp 1x, https:\/\/www.paulichromatic.com\/wp-content\/uploads\/2026\/02\/photo-1557180295-76eee20ae8aa-scaled.webp 2x\" src=\"https:\/\/www.paulichromatic.com\/wp-content\/uploads\/2026\/02\/photo-1557180295-76eee20ae8aa-scaled.webp\" loading=\"lazy\" alt=\"{{brizy_dc_image_alt imageSrc=\"wp-2022c0afedf425bd42124e4cbefd75b3.webp\"}}\" title=\"\" draggable=\"false\"><\/picture><\/div>\n<\/div>\n<\/div>\n<\/div>\n<div class=\"brz-columns brz-css-d-column-column brz-css-jbdfi1\" data-brz-custom-id=\"qfOY6JQco2w8\">\n<div class=\"brz-bg\">\n<div class=\"brz-bg-color\"><\/div>\n<\/div>\n<div class=\"brz-column__items brz-css-d-column-bg brz-css-4vlgdn\">\n<div id=\"\" class=\"brz-css-d-wrapper brz-css-1kbc6qf brz-wrapper\">\n<div class=\"brz-rich-text brz-rich-text__custom brz-css-d-richtext brz-css-4wujvj\" data-brz-custom-id=\"a0pvvqIsjXEC\">\n<div data-brz-translate-text=\"1\">\n<p class=\"brz-mb-sm-5 brz-text-xs-center brz-mb-lg-10 brz-tp-lg-empty brz-ff-montserrat brz-ft-google brz-fs-lg-50 brz-fss-lg-px brz-fw-lg-800 brz-ls-lg-m_1 brz-lh-lg-1_4 brz-vfw-lg-400 brz-fwdth-lg-100 brz-fsft-lg-0 brz-css-hhd5B\" data-uniq-id=\"sdXd9\" data-generated-css=\"brz-css-v52C6\"><span class=\"brz-cp-color3 brz-bgp-color4\" style=\"background-color: rgba(var(--brz-global-color4),1); color: rgba(var(--brz-global-color3),1);\">Vous d\u00e9testez les r\u00e9seaux sociaux ?<\/span><\/p>\n<p class=\"brz-fsft-lg-0 brz-fwdth-lg-100 brz-vfw-lg-400 brz-lh-lg-2_9 brz-ls-lg-m_1 brz-mb-sm-5 brz-text-xs-center brz-mb-lg-10 brz-tp-lg-empty brz-ff-montserrat brz-ft-google brz-fs-lg-32 brz-fss-lg-px brz-fw-lg-100 brz-css-l3CET\" data-uniq-id=\"n6Hdp\" data-generated-css=\"brz-css-aR4Lo\"><span class=\"brz-bgp-color3 brz-cp-color4\" style=\"background-color: rgba(var(--brz-global-color3),1); color: rgba(var(--brz-global-color4),1);\"> J&rsquo;adore les g\u00e9rer pour vous.<\/span><\/p>\n<\/div>\n<\/div>\n<\/div>\n<\/div>\n<\/div>\n<\/div>\n<\/div>\n<\/div>\n<\/div>\n<\/section>\n<section id=\"m3uPwsJ_kRxH_m3uPwsJ_kRxH\" class=\"brz-section brz-css-d-section brz-css-1s0zk5i\">\n<div class=\"brz-section__content brz-section--boxed brz-css-d-sectionitem-bg brz-css-1pwv3fb\" data-brz-custom-id=\"yZQ4WeuK15I7\">\n<div class=\"brz-container brz-css-d-sectionitem-container brz-css-j5w356\"><\/div>\n<\/div>\n<\/section>\n<section id=\"o6Xk02_OWu5D_o6Xk02_OWu5D\" class=\"brz-section brz-css-d-section brz-css-e8tzc8\">\n<div class=\"brz-section__content brz-section--boxed brz-css-d-sectionitem-bg brz-css-wt2vp4\" data-brz-custom-id=\"lwHOpGHACY1l\">\n<div class=\"brz-bg\">\n<div class=\"brz-bg-color\"><\/div>\n<\/div>\n<div class=\"brz-container brz-css-d-sectionitem-container brz-css-t8lybw\">\n<div class=\"brz-row__container brz-css-d-row-row brz-css-4ugz1a\" data-brz-custom-id=\"fO8JxcdKF3AJ\">\n<div class=\"brz-row brz-css-d-row-container brz-css-r-row-container brz-css-efgbyc\">\n<div class=\"brz-columns brz-css-d-column-column brz-css-1kz0oxl\" data-brz-custom-id=\"a9g1kUzPyt80\">\n<div class=\"brz-column__items brz-css-d-column-bg brz-css-1fnw8qi\">\n<div id=\"\" class=\"brz-css-d-wrapper brz-css-10xm1h0 brz-wrapper\">\n<div class=\"brz-rich-text brz-rich-text__custom brz-css-d-richtext brz-css-9ufkjd\" data-brz-custom-id=\"l7A8yY_l867T\">\n<div data-brz-translate-text=\"1\">\n<p class=\"brz-fsft-lg-0 brz-fwdth-lg-100 brz-vfw-lg-400 brz-lh-lg-1_9 brz-ls-lg-0 brz-fw-lg-300 brz-fss-lg-px brz-fs-lg-19 brz-ft-google brz-ff-montserrat brz-tp-lg-empty brz-mb-lg-0 brz-mt-lg-10 brz-css-xdzzZ\" data-generated-css=\"brz-css-jy8Q6\" data-uniq-id=\"l2EUu\"><span class=\"brz-cp-color3\" style=\"color: rgba(var(--brz-global-color3),1);\"> <\/span><\/p>\n<p class=\"brz-fsft-lg-0 brz-fwdth-lg-100 brz-vfw-lg-400 brz-lh-lg-1_9 brz-ls-lg-0 brz-fw-lg-300 brz-fss-lg-px brz-fs-lg-19 brz-ft-google brz-ff-montserrat brz-tp-lg-empty brz-css-yy0wz\" data-generated-css=\"brz-css-yVHhD\" data-uniq-id=\"pBxs8\"><span class=\"brz-cp-color3\" style=\"color: rgba(var(--brz-global-color3),1);\"> <\/span><\/p>\n<p class=\"brz-mb-lg-5 brz-fsft-lg-0 brz-fwdth-lg-100 brz-vfw-lg-400 brz-lh-lg-1_9 brz-ls-lg-0 brz-fw-lg-300 brz-fss-lg-px brz-fs-lg-19 brz-ft-google brz-ff-montserrat brz-tp-lg-empty brz-css-acgh9\" data-generated-css=\"brz-css-wUUXC\" data-uniq-id=\"p1QUO\"><span class=\"brz-cp-color3\" style=\"color: rgba(var(--brz-global-color3),1);\"> pc@paulichromatic.com<\/span><\/p>\n<p class=\"brz-fsft-lg-0 brz-fwdth-lg-100 brz-vfw-lg-400 brz-lh-lg-1_9 brz-ls-lg-0 brz-fw-lg-300 brz-fss-lg-px brz-fs-lg-19 brz-ft-google brz-ff-montserrat brz-tp-lg-empty brz-css-gJpCP\" data-generated-css=\"brz-css-ktkDK\" data-uniq-id=\"jGNTF\"><span class=\"brz-cp-color3\" style=\"color: rgba(var(--brz-global-color3),1);\">+33 6 33 89 89 14 <\/span><\/p>\n<\/div>\n<\/div>\n<\/div>\n<\/div>\n<\/div>\n<div class=\"brz-columns brz-css-d-column-column brz-css-nab01a\" data-brz-custom-id=\"qSt8xiqHj4N6\">\n<div class=\"brz-column__items brz-css-d-column-bg brz-css-11ym29r\">\n<div id=\"\" class=\"brz-css-d-wrapper brz-css-xggpzq brz-wrapper\">\n<div class=\"brz-image brz-css-d-image-dkzegdqa7z5u-parent brz-css-1exbzxz\" data-brz-custom-id=\"dkzegdQA7z5U\"><picture class=\"brz-picture brz-d-block brz-p-relative brz-css-d-image-dkzegdqa7z5u-picture brz-css-kcbea2\"><source srcset=\"https:\/\/www.paulichromatic.com\/wp-content\/uploads\/2026\/01\/PC_nom-scaled.png 1x, https:\/\/www.paulichromatic.com\/wp-content\/uploads\/2026\/01\/PC_nom-scaled.png 2x\" media=\"(min-width: 992px)\"><source srcset=\"https:\/\/www.paulichromatic.com\/wp-content\/uploads\/2026\/01\/PC_nom-scaled.png 1x, https:\/\/www.paulichromatic.com\/wp-content\/uploads\/2026\/01\/PC_nom-scaled.png 2x\" media=\"(min-width: 768px)\"><img decoding=\"async\" class=\"brz-img\" srcset=\"https:\/\/www.paulichromatic.com\/wp-content\/uploads\/2026\/01\/PC_nom-scaled.png 1x, https:\/\/www.paulichromatic.com\/wp-content\/uploads\/2026\/01\/PC_nom-scaled.png 2x\" src=\"https:\/\/www.paulichromatic.com\/wp-content\/uploads\/2026\/01\/PC_nom-scaled.png\" loading=\"lazy\" alt=\"{{brizy_dc_image_alt imageSrc=\"wp-9cf8243b1ad59fc86d7dc0e6dea4ec7c.png\"}}\" title=\"\" draggable=\"false\"><\/picture><\/div>\n<\/div>\n<div id=\"\" class=\"brz-css-d-wrapper brz-css-18xrxj7 brz-wrapper\">\n<div class=\"brz-rich-text brz-rich-text__custom brz-css-d-richtext brz-css-xokn1k\" data-brz-custom-id=\"iDMZfVcvQ91J\">\n<div data-brz-translate-text=\"1\">\n<p class=\"brz-fsft-lg-0 brz-fwdth-lg-100 brz-vfw-lg-400 brz-lh-lg-1_9 brz-ls-lg-0 brz-fw-lg-300 brz-fss-lg-px brz-fs-lg-19 brz-ft-google brz-ff-montserrat brz-tp-lg-empty brz-text-lg-center brz-css-aCDu9\" data-generated-css=\"brz-css-m3xhc\" data-uniq-id=\"vHJo5\"><span style=\"color: rgba(var(--brz-global-color3),1);\" class=\"brz-cp-color3\">\u00a92026 paulichromatic&nbsp;&nbsp;<\/span><\/p>\n<p class=\"brz-fsft-lg-0 brz-fwdth-lg-100 brz-vfw-lg-400 brz-lh-lg-1_9 brz-ls-lg-0 brz-fw-lg-300 brz-fss-lg-px brz-fs-lg-19 brz-ft-google brz-ff-montserrat brz-tp-lg-empty brz-text-lg-center brz-css-yzFaO\" data-generated-css=\"brz-css-mrhRw\" data-uniq-id=\"xT9Jv\"><span style=\"color: rgba(var(--brz-global-color3),1);\" class=\"brz-cp-color3\">N\u00b0 SIRET 993 997 006 00016 <\/span><\/p>\n<\/div>\n<\/div>\n<\/div>\n<\/div>\n<\/div>\n<div class=\"brz-columns brz-css-d-column-column brz-css-h7vxmj\" data-brz-custom-id=\"q05mm7KQhj98\">\n<div class=\"brz-column__items brz-css-d-column-bg brz-css-9bh2dj\">\n<div class=\"brz-wrapper-clone brz-flex-xs-wrap brz-css-d-cloneable brz-css-1jr8624\" data-brz-custom-id=\"rZJCwxn8wAOt\">\n<div class=\"brz-icon__container\" data-brz-custom-id=\"q35vn4QGl2_S\"><span class=\"brz-icon brz-span brz-css-d-icon-icon brz-css-1kbx2qf\"><svg class=\"brz-icon-svg align-[initial]\"><use href=\"\/wp-content\/plugins\/brizy\/public\/editor-build\/prod\/editor\/icons\/glyph\/logo-facebook.svg#nc_icon\"><\/use><\/svg><\/span><\/div>\n<div class=\"brz-icon__container\" data-brz-custom-id=\"dIOmmuv0GB2C\"><span class=\"brz-icon brz-span brz-css-d-icon-icon brz-css-1d4j13m\"><svg class=\"brz-icon-svg align-[initial]\"><use href=\"\/wp-content\/plugins\/brizy\/public\/editor-build\/prod\/editor\/icons\/fa\/instagram-square.svg#fa_icon\"><\/use><\/svg><\/span><\/div>\n<\/div>\n<\/div>\n<\/div>\n<\/div>\n<\/div>\n<\/div>\n<\/div>\n<\/section><\/div>\n<p><!-- version:1773410476 --><\/p>\n","protected":false},"excerpt":{"rendered":"<p>Le lundi, je serai institutrice, le mardi coiffeuse, et le mercredi je ferai du bon boulot (aka faire du marteau-piqueur dans la rue) Bien que mes int\u00e9r\u00eats se soient \u00e9loign\u00e9s de ceux que qui m\u2019animaient lorsque j\u2019avais 5 ans pour s\u2019orienter vers la culture et l\u2019artistique, le d\u00e9sir de toucher \u00e0 tout et de ne&#8230;<\/p>\n","protected":false},"author":1,"featured_media":0,"parent":0,"menu_order":0,"comment_status":"closed","ping_status":"closed","template":"brizy-blank-template.php","meta":{"_kad_post_transparent":"","_kad_post_title":"","_kad_post_layout":"default","_kad_post_sidebar_id":"","_kad_post_content_style":"unboxed","_kad_post_vertical_padding":"hide","_kad_post_feature":"","_kad_post_feature_position":"","_kad_post_header":false,"_kad_post_footer":false,"_kad_post_classname":"","footnotes":""},"class_list":["post-80","page","type-page","status-publish","hentry"],"brizy_media":[{"id":13,"url":"https:\/\/www.paulichromatic.com\/wp-content\/uploads\/2026\/01\/cropped-PC_nom-scaled-1.png","name":"cropped-PC_nom-scaled-1.png","meta":{"brizy_attachment_uid":"wp-da51c6f2b20b5971ebd7b2d87fae2fe2.png","brizy_post_uid":["01e7c3952abe4a58d00334ffe2083725"]}},{"id":10,"url":"https:\/\/www.paulichromatic.com\/wp-content\/uploads\/2026\/01\/PC_nom-scaled.png","name":"PC_nom.png","meta":{"brizy_attachment_uid":"wp-9cf8243b1ad59fc86d7dc0e6dea4ec7c.png","brizy_post_uid":["01e7c3952abe4a58d00334ffe2083725"]}},{"id":125,"url":"https:\/\/www.paulichromatic.com\/wp-content\/uploads\/2026\/03\/20251116-PC-logo-MD.png","name":"20251116-PC-logo-MD.png","meta":{"brizy_attachment_uid":"wp-04ad330c50bf7db6f76644a8948d61b9.png","brizy_post_uid":["01e7c3952abe4a58d00334ffe2083725"]}},{"id":61,"url":"https:\/\/www.paulichromatic.com\/wp-content\/uploads\/2026\/02\/photo-1557180295-76eee20ae8aa-scaled.webp","name":"photo-1557180295-76eee20ae8aa.webp","meta":{"brizy_attachment_uid":"wp-2022c0afedf425bd42124e4cbefd75b3.webp","brizy_post_uid":["01e7c3952abe4a58d00334ffe2083725"]}}],"_links":{"self":[{"href":"https:\/\/www.paulichromatic.com\/index.php\/wp-json\/wp\/v2\/pages\/80","targetHints":{"allow":["GET"]}}],"collection":[{"href":"https:\/\/www.paulichromatic.com\/index.php\/wp-json\/wp\/v2\/pages"}],"about":[{"href":"https:\/\/www.paulichromatic.com\/index.php\/wp-json\/wp\/v2\/types\/page"}],"author":[{"embeddable":true,"href":"https:\/\/www.paulichromatic.com\/index.php\/wp-json\/wp\/v2\/users\/1"}],"replies":[{"embeddable":true,"href":"https:\/\/www.paulichromatic.com\/index.php\/wp-json\/wp\/v2\/comments?post=80"}],"version-history":[{"count":30,"href":"https:\/\/www.paulichromatic.com\/index.php\/wp-json\/wp\/v2\/pages\/80\/revisions"}],"predecessor-version":[{"id":283,"href":"https:\/\/www.paulichromatic.com\/index.php\/wp-json\/wp\/v2\/pages\/80\/revisions\/283"}],"wp:attachment":[{"href":"https:\/\/www.paulichromatic.com\/index.php\/wp-json\/wp\/v2\/media?parent=80"}],"curies":[{"name":"wp","href":"https:\/\/api.w.org\/{rel}","templated":true}]}}